{"id":11,"date":"2025-11-18T15:49:26","date_gmt":"2025-11-18T15:49:26","guid":{"rendered":"https:\/\/cms2523.commu.isfsc.be\/?page_id=11"},"modified":"2025-12-30T22:28:37","modified_gmt":"2025-12-30T22:28:37","slug":"__trashed-2","status":"publish","type":"page","link":"https:\/\/cms2523.commu.isfsc.be\/index.php\/__trashed-2\/","title":{"rendered":"Portfolio"},"content":{"rendered":"<p>[et_pb_section fb_built=\u00a0\u00bb1&Prime; _builder_version=\u00a0\u00bb4.27.5&Prime; _module_preset=\u00a0\u00bbdefault\u00a0\u00bb background_color=\u00a0\u00bb#c40f0f\u00a0\u00bb use_background_color_gradient=\u00a0\u00bbon\u00a0\u00bb background_color_gradient_type=\u00a0\u00bbcircular\u00a0\u00bb background_color_gradient_stops=\u00a0\u00bb#e00b00 0%|#750000 100%\u00a0\u00bb background_enable_pattern_style=\u00a0\u00bbon\u00a0\u00bb background_pattern_style=\u00a0\u00bbscallops\u00a0\u00bb height=\u00a0\u00bb671px\u00a0\u00bb global_colors_info=\u00a0\u00bb{}\u00a0\u00bb][et_pb_row column_structure=\u00a0\u00bb1_2,1_2&Prime; _builder_version=\u00a0\u00bb4.27.4&Prime; _module_preset=\u00a0\u00bbdefault\u00a0\u00bb background_color=\u00a0\u00bbRGBA(255,255,255,0)\u00a0\u00bb width=\u00a0\u00bb95.9%\u00a0\u00bb max_width=\u00a0\u00bb100%\u00a0\u00bb custom_margin=\u00a0\u00bb|40px||40px||\u00a0\u00bb custom_padding=\u00a0\u00bb0px||0px||true|false\u00a0\u00bb border_width_all=\u00a0\u00bb4px\u00a0\u00bb border_color_all=\u00a0\u00bb#ffcf9a\u00a0\u00bb box_shadow_style=\u00a0\u00bbpreset1&Prime; box_shadow_blur=\u00a0\u00bb80px\u00a0\u00bb global_colors_info=\u00a0\u00bb{}\u00a0\u00bb][et_pb_column type=\u00a0\u00bb1_2&Prime; _builder_version=\u00a0\u00bb4.27.4&Prime; _module_preset=\u00a0\u00bbdefault\u00a0\u00bb background_color=\u00a0\u00bbrgba(90,12,28,0.76)\u00a0\u00bb custom_padding=\u00a0\u00bb10vw|80px|150px|80px|false|true\u00a0\u00bb global_colors_info=\u00a0\u00bb{}\u00a0\u00bb][et_pb_heading title=\u00a0\u00bbPortfolio\u00a0\u00bb _builder_version=\u00a0\u00bb4.27.4&Prime; _module_preset=\u00a0\u00bbdefault\u00a0\u00bb title_font=\u00a0\u00bbTimes New Roman||||||||\u00a0\u00bb title_text_color=\u00a0\u00bb#000000&Prime; title_font_size=\u00a0\u00bb100px\u00a0\u00bb title_text_shadow_style=\u00a0\u00bbpreset1&Prime; global_colors_info=\u00a0\u00bb{}\u00a0\u00bb][\/et_pb_heading][\/et_pb_column][et_pb_column type=\u00a0\u00bb1_2&Prime; _builder_version=\u00a0\u00bb4.27.4&Prime; _module_preset=\u00a0\u00bbdefault\u00a0\u00bb global_colors_info=\u00a0\u00bb{}\u00a0\u00bb][\/et_pb_column][\/et_pb_row][\/et_pb_section][et_pb_section fb_built=\u00a0\u00bb1&Prime; admin_label=\u00a0\u00bbCollections\u00a0\u00bb _builder_version=\u00a0\u00bb4.27.5&Prime; background_color=\u00a0\u00bb#590011&Prime; min_height=\u00a0\u00bb1593.8px\u00a0\u00bb custom_margin=\u00a0\u00bb-99px|||||\u00a0\u00bb custom_padding=\u00a0\u00bb153px|0px|59px|0px||\u00a0\u00bb global_colors_info=\u00a0\u00bb{}\u00a0\u00bb][et_pb_row column_structure=\u00a0\u00bb1_2,1_2&Prime; make_equal=\u00a0\u00bbon\u00a0\u00bb _builder_version=\u00a0\u00bb4.27.4&Prime; background_enable_image=\u00a0\u00bboff\u00a0\u00bb background_size=\u00a0\u00bbinitial\u00a0\u00bb background_position=\u00a0\u00bbtop_left\u00a0\u00bb background_repeat=\u00a0\u00bbrepeat\u00a0\u00bb module_alignment=\u00a0\u00bbcenter\u00a0\u00bb min_height=\u00a0\u00bb551.4px\u00a0\u00bb custom_margin=\u00a0\u00bb|118px||auto||\u00a0\u00bb custom_padding=\u00a0\u00bb0px||22px|||\u00a0\u00bb box_shadow_style=\u00a0\u00bbpreset3&Prime; box_shadow_vertical=\u00a0\u00bb40px\u00a0\u00bb box_shadow_blur=\u00a0\u00bb50px\u00a0\u00bb box_shadow_color=\u00a0\u00bbrgba(0,0,0,0.1)\u00a0\u00bb global_colors_info=\u00a0\u00bb{}\u00a0\u00bb][et_pb_column type=\u00a0\u00bb1_2&Prime; _builder_version=\u00a0\u00bb4.27.4&Prime; background_enable_image=\u00a0\u00bboff\u00a0\u00bb custom_padding=\u00a0\u00bb|5%||5%\u00a0\u00bb global_colors_info=\u00a0\u00bb{}\u00a0\u00bb custom_padding__hover=\u00a0\u00bb|||\u00a0\u00bb][et_pb_code module_class=\u00a0\u00bbflip-card\u00a0\u00bb _builder_version=\u00a0\u00bb4.27.4&Prime; _module_preset=\u00a0\u00bbdefault\u00a0\u00bb custom_css_free_form=\u00a0\u00bb||\/* Taille de la carte *\/||.flip-card {||  width: 400px;         \/* Modifier si besoin *\/||  height: 600px;||  perspective: 1000px;  \/* Donne l&rsquo;effet 3D *\/||  margin: auto;||}|| ||\/* Conteneur interne *\/||.flip-card-inner {||  width: 100%;||  height: 100%;||  position: relative;||  transition: transform 0.6s;   \/* Dur\u00e9e du flip *\/||  transform-style: preserve-3d; \/* Permet le 3D *\/||}|| ||\/* Effet AU SURVOL *\/||.flip-card:hover .flip-card-inner {||  transform: rotateY(180deg);||}|| ||\/* Faces recto \/ verso *\/||.flip-card-front,||.flip-card-back {||  position: absolute;||  width: 100%;||  height: 100%;||  backface-visibility: hidden; \/* Emp\u00eache de voir le dos pendant la rotation *\/||}|| ||\/* Images responsives *\/||.flip-card-front img,||.flip-card-back img {||  width: 100%;||  height: 100%;||  object-fit: cover;||}|| ||\/* Dos retourn\u00e9 *\/||.flip-card-back {||  transform: rotateY(180deg);||}||\u00a0\u00bb global_colors_info=\u00a0\u00bb{}\u00a0\u00bb]<!-- FLIP CARD --><!-- [et_pb_line_break_holder] --><\/p>\n<div class=\"flip-card\"><!-- [et_pb_line_break_holder] --><\/p>\n<div class=\"flip-card-inner\"><!-- [et_pb_line_break_holder] --> <!-- [et_pb_line_break_holder] -->    <!-- Recto --><!-- [et_pb_line_break_holder] --><\/p>\n<div class=\"flip-card-front\"><!-- [et_pb_line_break_holder] --><img decoding=\"async\" src=\"https:\/\/cms2523.commu.isfsc.be\/wp-content\/uploads\/2025\/12\/Image-1.jpg\" alt=\"Recto\"><!-- [et_pb_line_break_holder] --><\/div>\n<p><!-- [et_pb_line_break_holder] --> <!-- [et_pb_line_break_holder] -->    <!-- Verso --><!-- [et_pb_line_break_holder] --><\/p>\n<div class=\"flip-card-back\"><!-- [et_pb_line_break_holder] --><img decoding=\"async\" src=\"https:\/\/cms2523.commu.isfsc.be\/wp-content\/uploads\/2025\/12\/Image.jpg\" alt=\"Verso\"><!-- [et_pb_line_break_holder] --><\/div>\n<p><!-- [et_pb_line_break_holder] --> <!-- [et_pb_line_break_holder] -->  <\/div>\n<p><!-- [et_pb_line_break_holder] --><\/div>\n<p>[\/et_pb_code][\/et_pb_column][et_pb_column type=\u00a0\u00bb1_2&Prime; _builder_version=\u00a0\u00bb4.16&Prime; custom_padding=\u00a0\u00bb40px|40px|40px|40px\u00a0\u00bb global_colors_info=\u00a0\u00bb{}\u00a0\u00bb custom_padding__hover=\u00a0\u00bb|||\u00a0\u00bb][et_pb_text _builder_version=\u00a0\u00bb4.27.5&Prime; text_font=\u00a0\u00bbCalistoga|700|||||||\u00a0\u00bb text_text_color=\u00a0\u00bb#000000&Prime; header_font=\u00a0\u00bbCalistoga||||||||\u00a0\u00bb header_text_color=\u00a0\u00bb#FFFFFF\u00a0\u00bb header_3_font=\u00a0\u00bbPlayfair Display|700|||||||\u00a0\u00bb header_3_text_color=\u00a0\u00bb#2b2b2b\u00a0\u00bb header_3_font_size=\u00a0\u00bb28px\u00a0\u00bb header_3_line_height=\u00a0\u00bb1.5em\u00a0\u00bb background_size=\u00a0\u00bbinitial\u00a0\u00bb background_position=\u00a0\u00bbtop_left\u00a0\u00bb background_repeat=\u00a0\u00bbrepeat\u00a0\u00bb custom_margin=\u00a0\u00bb||10px|\u00a0\u00bb custom_padding=\u00a0\u00bb0px|||14px||\u00a0\u00bb link_option_url=\u00a0\u00bbhttps:\/\/cms2523.commu.isfsc.be\/index.php\/536-2\/\u00a0\u00bb hover_enabled=\u00a0\u00bb0&Prime; global_colors_info=\u00a0\u00bb{}\u00a0\u00bb sticky_enabled=\u00a0\u00bb0&Prime;]<\/p>\n<h1>\u00a0 \u00a0 Chouke skin care<\/h1>\n<p>[\/et_pb_text][et_pb_text _builder_version=\u00a0\u00bb4.27.5&Prime; text_font=\u00a0\u00bbPoppins||||||||\u00a0\u00bb text_text_color=\u00a0\u00bb#FFFFFF\u00a0\u00bb text_font_size=\u00a0\u00bb16px\u00a0\u00bb text_line_height=\u00a0\u00bb1.9em\u00a0\u00bb header_font=\u00a0\u00bb||||||||\u00a0\u00bb header_2_font=\u00a0\u00bb||||||||\u00a0\u00bb width=\u00a0\u00bb94.7%\u00a0\u00bb module_alignment=\u00a0\u00bbcenter\u00a0\u00bb custom_margin=\u00a0\u00bb17px||20px|||\u00a0\u00bb custom_padding=\u00a0\u00bb|||28px||\u00a0\u00bb hover_enabled=\u00a0\u00bb0&Prime; global_colors_info=\u00a0\u00bb{}\u00a0\u00bb sticky_enabled=\u00a0\u00bb0&Prime;]<\/p>\n<p>Pour Chouke skin care (Belgique)&#8230;.<\/p>\n<p>nous avons eu la possibilit\u00e9 de contribu\u00e9 \u00e0 la campagne de lancement de la marque. Chouke a d\u00e9cid\u00e9 de lancer sa marque de s\u00e9rum adapt\u00e9 pour chaque phase du cycle menstruel.<\/p>\n<p>&nbsp;<\/p>\n<p>&nbsp;<\/p>\n<p>[\/et_pb_text][\/et_pb_column][\/et_pb_row][et_pb_row column_structure=\u00a0\u00bb1_3,1_3,1_3&Prime; make_equal=\u00a0\u00bbon\u00a0\u00bb _builder_version=\u00a0\u00bb4.27.5&Prime; background_size=\u00a0\u00bbinitial\u00a0\u00bb background_position=\u00a0\u00bbtop_left\u00a0\u00bb background_repeat=\u00a0\u00bbrepeat\u00a0\u00bb width=\u00a0\u00bb74.1%\u00a0\u00bb module_alignment=\u00a0\u00bbcenter\u00a0\u00bb custom_margin=\u00a0\u00bb87px|659px||auto|false|false\u00a0\u00bb custom_padding=\u00a0\u00bb0px||0px|\u00a0\u00bb hover_enabled=\u00a0\u00bb0&Prime; box_shadow_style=\u00a0\u00bbpreset3&Prime; box_shadow_vertical=\u00a0\u00bb40px\u00a0\u00bb box_shadow_blur=\u00a0\u00bb50px\u00a0\u00bb box_shadow_color=\u00a0\u00bbrgba(0,0,0,0.1)\u00a0\u00bb global_colors_info=\u00a0\u00bb{}\u00a0\u00bb sticky_enabled=\u00a0\u00bb0&Prime;][et_pb_column type=\u00a0\u00bb1_3&Prime; _builder_version=\u00a0\u00bb4.27.5&Prime; background_enable_image=\u00a0\u00bboff\u00a0\u00bb custom_padding=\u00a0\u00bb|5%||5%\u00a0\u00bb hover_enabled=\u00a0\u00bb0&Prime; global_colors_info=\u00a0\u00bb{}\u00a0\u00bb custom_padding__hover=\u00a0\u00bb|||\u00a0\u00bb sticky_enabled=\u00a0\u00bb0&Prime;][et_pb_text _builder_version=\u00a0\u00bb4.27.5&Prime; header_font=\u00a0\u00bbCalistoga||||||||\u00a0\u00bb header_3_font=\u00a0\u00bbCalistoga|700|||||||\u00a0\u00bb header_3_text_color=\u00a0\u00bb#FFFFFF\u00a0\u00bb header_3_font_size=\u00a0\u00bb28px\u00a0\u00bb header_3_line_height=\u00a0\u00bb1.5em\u00a0\u00bb background_size=\u00a0\u00bbinitial\u00a0\u00bb background_position=\u00a0\u00bbtop_left\u00a0\u00bb background_repeat=\u00a0\u00bbrepeat\u00a0\u00bb custom_margin=\u00a0\u00bb||10px|\u00a0\u00bb hover_enabled=\u00a0\u00bb0&Prime; global_colors_info=\u00a0\u00bb{}\u00a0\u00bb header_text_color=\u00a0\u00bb#FFFFFF\u00a0\u00bb sticky_enabled=\u00a0\u00bb0&Prime;]<\/p>\n<h3>Bister<\/h3>\n<p>[\/et_pb_text][et_pb_text _builder_version=\u00a0\u00bb4.27.5&Prime; text_font=\u00a0\u00bbPoppins||||||||\u00a0\u00bb text_text_color=\u00a0\u00bb#FFFFFF\u00a0\u00bb text_font_size=\u00a0\u00bb16px\u00a0\u00bb text_line_height=\u00a0\u00bb1.9em\u00a0\u00bb header_font=\u00a0\u00bb||||||||\u00a0\u00bb header_2_font=\u00a0\u00bb||||||||\u00a0\u00bb module_alignment=\u00a0\u00bbcenter\u00a0\u00bb custom_margin=\u00a0\u00bb||30px|\u00a0\u00bb custom_padding=\u00a0\u00bb|15px|0px|||\u00a0\u00bb hover_enabled=\u00a0\u00bb0&Prime; global_colors_info=\u00a0\u00bb{}\u00a0\u00bb sticky_enabled=\u00a0\u00bb0&Prime;]<\/p>\n<p>ICI on aura des extraits des campgnes qui vont d\u00e9filer (des images) et dans la zone texte on mettra un descriptif des images qui d\u00e9filent<\/p>\n<p>[\/et_pb_text][\/et_pb_column][et_pb_column type=\u00a0\u00bb1_3&Prime; _builder_version=\u00a0\u00bb4.27.4&Prime; _module_preset=\u00a0\u00bbdefault\u00a0\u00bb global_colors_info=\u00a0\u00bb{}\u00a0\u00bb][et_pb_code module_class=\u00a0\u00bbflip-card\u00a0\u00bb _builder_version=\u00a0\u00bb4.27.4&Prime; _module_preset=\u00a0\u00bbdefault\u00a0\u00bb custom_css_free_form=\u00a0\u00bb\/* Taille de la carte *\/||.flip-card {||  width: 500px;         \/* Modifier si besoin *\/||  height: 600px;||  perspective: 1000px;  \/* Donne l&rsquo;effet 3D *\/||  margin: auto;||}|| ||\/* Conteneur interne *\/||.flip-card-inner {||  width: 100%;||  height: 100%;||  position: relative;||  transition: transform 0.6s;   \/* Dur\u00e9e du flip *\/||  transform-style: preserve-3d; \/* Permet le 3D *\/||}|| ||\/* Effet AU SURVOL *\/||.flip-card:hover .flip-card-inner {||  transform: rotateY(180deg);||}|| ||\/* Faces recto \/ verso *\/||.flip-card-front,||.flip-card-back {||  position: absolute;||  width: 100%;||  height: 100%;||  backface-visibility: hidden; \/* Emp\u00eache de voir le dos pendant la rotation *\/||}|| ||\/* Images responsives *\/||.flip-card-front img,||.flip-card-back img {||  width: 100%;||  height: 100%;||  object-fit: cover;||}|| ||\/* Dos retourn\u00e9 *\/||.flip-card-back {||  transform: rotateY(180deg);||}\u00a0\u00bb global_colors_info=\u00a0\u00bb{}\u00a0\u00bb]<!-- FLIP CARD --><!-- [et_pb_line_break_holder] --><\/p>\n<div class=\"flip-card\"><!-- [et_pb_line_break_holder] --><\/p>\n<div class=\"flip-card-inner\"><!-- [et_pb_line_break_holder] --> <!-- [et_pb_line_break_holder] -->    <!-- Recto --><!-- [et_pb_line_break_holder] --><\/p>\n<div class=\"flip-card-front\"><!-- [et_pb_line_break_holder] --><img decoding=\"async\" src=\"https:\/\/cms2523.commu.isfsc.be\/wp-content\/uploads\/2025\/11\/caffee_shop_08.jpg\" alt=\"Recto\"><!-- [et_pb_line_break_holder] --><\/div>\n<p><!-- [et_pb_line_break_holder] --> <!-- [et_pb_line_break_holder] -->    <!-- Verso --><!-- [et_pb_line_break_holder] --><\/p>\n<div class=\"flip-card-back\"><!-- [et_pb_line_break_holder] --><img decoding=\"async\" src=\"https:\/\/cms2523.commu.isfsc.be\/wp-content\/uploads\/2025\/11\/Coffee_Shop_18.jpg\" alt=\"Verso\"><!-- [et_pb_line_break_holder] --><\/div>\n<p><!-- [et_pb_line_break_holder] --> <!-- [et_pb_line_break_holder] -->  <\/div>\n<p><!-- [et_pb_line_break_holder] --><\/div>\n<p>[\/et_pb_code][\/et_pb_column][et_pb_column type=\u00a0\u00bb1_3&Prime; _builder_version=\u00a0\u00bb4.27.4&Prime; background_enable_image=\u00a0\u00bboff\u00a0\u00bb custom_padding=\u00a0\u00bb40px|40px|40px|40px\u00a0\u00bb global_colors_info=\u00a0\u00bb{}\u00a0\u00bb custom_padding__hover=\u00a0\u00bb|||\u00a0\u00bb][et_pb_image align=\u00a0\u00bbcenter\u00a0\u00bb force_fullwidth=\u00a0\u00bbon\u00a0\u00bb _builder_version=\u00a0\u00bb4.27.4&Prime; custom_margin=\u00a0\u00bb-20px||-20px|\u00a0\u00bb custom_padding=\u00a0\u00bb|||\u00a0\u00bb animation_style=\u00a0\u00bbzoom\u00a0\u00bb animation_direction=\u00a0\u00bbleft\u00a0\u00bb animation_intensity_zoom=\u00a0\u00bb6%\u00a0\u00bb animation_starting_opacity=\u00a0\u00bb100%\u00a0\u00bb box_shadow_style=\u00a0\u00bbpreset3&Prime; box_shadow_horizontal=\u00a0\u00bb13px\u00a0\u00bb box_shadow_vertical=\u00a0\u00bb42px\u00a0\u00bb box_shadow_blur=\u00a0\u00bb45px\u00a0\u00bb box_shadow_spread=\u00a0\u00bb-3px\u00a0\u00bb box_shadow_color=\u00a0\u00bbrgba(0,0,0,0.1)\u00a0\u00bb always_center_on_mobile=\u00a0\u00bboff\u00a0\u00bb global_colors_info=\u00a0\u00bb{}\u00a0\u00bb][\/et_pb_image][\/et_pb_column][\/et_pb_row][\/et_pb_section]<\/p>\n","protected":false},"excerpt":{"rendered":"<p>\u00a0 \u00a0 Chouke skin carePour Chouke skin care (Belgique)&#8230;. nous avons eu la possibilit\u00e9 de contribu\u00e9 \u00e0 la campagne de lancement de la marque. Chouke a d\u00e9cid\u00e9 de lancer sa marque de s\u00e9rum adapt\u00e9 pour chaque phase du cycle menstruel. &nbsp; &nbsp;BisterICI on aura des extraits des campgnes qui vont d\u00e9filer (des images) et dans [&hellip;]<\/p>\n","protected":false},"author":4,"featured_media":0,"parent":0,"menu_order":0,"comment_status":"closed","ping_status":"closed","template":"","meta":{"_et_pb_use_builder":"on","_et_pb_old_content":"","_et_gb_content_width":"","footnotes":""},"class_list":["post-11","page","type-page","status-publish","hentry"],"_links":{"self":[{"href":"https:\/\/cms2523.commu.isfsc.be\/index.php\/wp-json\/wp\/v2\/pages\/11","targetHints":{"allow":["GET"]}}],"collection":[{"href":"https:\/\/cms2523.commu.isfsc.be\/index.php\/wp-json\/wp\/v2\/pages"}],"about":[{"href":"https:\/\/cms2523.commu.isfsc.be\/index.php\/wp-json\/wp\/v2\/types\/page"}],"author":[{"embeddable":true,"href":"https:\/\/cms2523.commu.isfsc.be\/index.php\/wp-json\/wp\/v2\/users\/4"}],"replies":[{"embeddable":true,"href":"https:\/\/cms2523.commu.isfsc.be\/index.php\/wp-json\/wp\/v2\/comments?post=11"}],"version-history":[{"count":25,"href":"https:\/\/cms2523.commu.isfsc.be\/index.php\/wp-json\/wp\/v2\/pages\/11\/revisions"}],"predecessor-version":[{"id":762,"href":"https:\/\/cms2523.commu.isfsc.be\/index.php\/wp-json\/wp\/v2\/pages\/11\/revisions\/762"}],"wp:attachment":[{"href":"https:\/\/cms2523.commu.isfsc.be\/index.php\/wp-json\/wp\/v2\/media?parent=11"}],"curies":[{"name":"wp","href":"https:\/\/api.w.org\/{rel}","templated":true}]}}